{"id":783,"date":"2018-07-03T13:40:41","date_gmt":"2018-07-03T16:40:41","guid":{"rendered":"https:\/\/isfdyturdinarrain-ers.infd.edu.ar\/sitio\/autoridades\/"},"modified":"2024-06-10T21:05:47","modified_gmt":"2024-06-11T00:05:47","slug":"autoridades","status":"publish","type":"page","link":"https:\/\/isfdyturdinarrain-ers.infd.edu.ar\/sitio\/autoridades\/","title":{"rendered":"Autoridades"},"content":{"rendered":"<h5><strong>Equipo Directivo:<\/strong><\/h5>\n<p><strong>Rector<\/strong>:\u00a0Prof. Mart\u00edn E. Bochatay<\/p>\n<p><strong>Secretaria:\u00a0<\/strong>Prof. Mar\u00eda Ayel\u00e9n G\u00f3mez<\/p>\n<p><strong>Secretario Acad\u00e9mico<\/strong>:\u00a0Prof. Luc\u00eda Suarez<\/p>\n<h5>Consejo Directivo Institucional:<\/h5>\n<p><strong>Consejeros docentes:<\/strong><\/p>\n<p>Prof. Morales Mar\u00eda de los \u00c1ngeles<\/p>\n<p>Prof. Luxen Micaela Mar\u00eda Bel\u00e9n<\/p>\n<p>Prof. V\u00e1zquez Luc\u00eda Graciela<\/p>\n<p><strong>Consejeros alumnos:<\/strong><\/p>\n<p>Titulares:<\/p>\n<p>Berardo Anastasia Mar\u00eda de Lourdes<\/p>\n<p>Gallardo Ana Sol<\/p>\n<p>1\u00b0 Suplente:\u00a0\u00c1lvarez Brandon Ariel<\/p>\n<p>2\u00b0 Suplente:\u00a0Lara Luciana Nahir<\/p>\n<p><strong>Consejeros graduados:<\/strong><\/p>\n<p>Titular:\u00a0 Fraccarolli Nazarena<\/p>\n<p>Suplente: Bernard Norma Liliana<\/p>\n<p><strong>\u00a0<\/strong><\/p>\n<p><strong>\u00a0<\/strong><\/p>\n<p><strong>\u00a0<\/strong><\/p>\n<p><strong>\u00a0<\/strong><\/p>\n<p><strong>\u00a0<\/strong><\/p>\n<p><strong>\u00a0<\/strong><\/p>\n<p>Consejeros graduados:<\/p>\n<p style=\"text-align: justify;\"><span style=\"color: #000000; font-family: Arial; font-size: 12pt;\">\u00a0 \u00a0(Titular)<\/span><\/p>\n<p style=\"text-align: justify;\"><span style=\"color: #000000; font-family: Arial; font-size: 12pt;\">\u00a0 (Suplente)<\/span><\/p>\n<p>Consejeros alumnos:<\/p>\n<p style=\"text-align: justify;\"><span style=\"color: #000000; font-family: Arial; font-size: 12pt;\">\u00a0 \u00a0<\/span><\/p>\n<p style=\"text-align: justify;\"><span style=\"font-family: verdana, geneva; color: #000000;\"><span style=\"background-color: #ffffff;\"><span style=\"font-size: 24pt;\"><span style=\"font-family: arial, helvetica, sans-serif; font-size: 12pt;\"><strong>Secretario Acad\u00e9mico<\/strong>:<\/span><\/span><\/span><\/span><\/p>\n<p style=\"text-align: justify;\">Prof. Luc\u00eda Suarez<\/p>\n<p style=\"text-align: justify;\"><span style=\"color: #000000;\">\u00a0<\/span><\/p>\n<p style=\"text-align: justify;\">\n<p><span style=\"color: #000000;\"><strong><span style=\"font-family: Arial; font-size: 12pt;\">\u00a0<\/span><\/strong><\/span><\/p>\n<p><span style=\"color: #000000;\"><strong><span style=\"font-family: Arial; font-size: 12pt;\">\u00a0<\/span><\/strong><\/span><\/p>\n<p><span style=\"color: #000000;\"><strong><span style=\"font-family: Arial; font-size: 12pt;\">\u00a0<\/span><\/strong><\/span><\/p>\n<p><span style=\"color: #000000;\"><strong><span style=\"font-family: Arial; font-size: 12pt;\">\u00a0<\/span><\/strong><\/span><\/p>\n<p><span style=\"color: #000000;\"><strong><span style=\"font-family: Arial; font-size: 12pt;\">\u00a0<\/span><\/strong><\/span><\/p>\n<p><span style=\"color: #000000;\"><strong><span style=\"font-family: Arial; font-size: 12pt;\">\u00a0<\/span><\/strong><\/span><\/p>\n","protected":false},"excerpt":{"rendered":"<p>Equipo Directivo: Rector:\u00a0Prof. Mart\u00edn E. Bochatay Secretaria:\u00a0Prof. Mar\u00eda Ayel\u00e9n G\u00f3mez Secretario Acad\u00e9mico:\u00a0Prof. Luc\u00eda Suarez Consejo Directivo Institucional: Consejeros docentes: Prof. Morales Mar\u00eda de los \u00c1ngeles Prof. Luxen Micaela Mar\u00eda Bel\u00e9n Prof. V\u00e1zquez Luc\u00eda Graciela Consejeros alumnos: Titulares: Berardo Anastasia Mar\u00eda de Lourdes Gallardo Ana Sol 1\u00b0 Suplente:\u00a0\u00c1lvarez Brandon Ariel 2\u00b0 Suplente:\u00a0Lara Luciana Nahir Consejeros graduados: &#8230; <a title=\"Autoridades\" class=\"read-more\" href=\"https:\/\/isfdyturdinarrain-ers.infd.edu.ar\/sitio\/autoridades\/\" aria-label=\"More on Autoridades\">[+]<\/a><\/p>\n","protected":false},"author":52,"featured_media":0,"parent":0,"menu_order":0,"comment_status":"closed","ping_status":"closed","template":"","meta":[],"acf":[],"_links":{"self":[{"href":"https:\/\/isfdyturdinarrain-ers.infd.edu.ar\/sitio\/wp-json\/wp\/v2\/pages\/783"}],"collection":[{"href":"https:\/\/isfdyturdinarrain-ers.infd.edu.ar\/sitio\/wp-json\/wp\/v2\/pages"}],"about":[{"href":"https:\/\/isfdyturdinarrain-ers.infd.edu.ar\/sitio\/wp-json\/wp\/v2\/types\/page"}],"author":[{"embeddable":true,"href":"https:\/\/isfdyturdinarrain-ers.infd.edu.ar\/sitio\/wp-json\/wp\/v2\/users\/52"}],"replies":[{"embeddable":true,"href":"https:\/\/isfdyturdinarrain-ers.infd.edu.ar\/sitio\/wp-json\/wp\/v2\/comments?post=783"}],"version-history":[{"count":8,"href":"https:\/\/isfdyturdinarrain-ers.infd.edu.ar\/sitio\/wp-json\/wp\/v2\/pages\/783\/revisions"}],"predecessor-version":[{"id":2630,"href":"https:\/\/isfdyturdinarrain-ers.infd.edu.ar\/sitio\/wp-json\/wp\/v2\/pages\/783\/revisions\/2630"}],"wp:attachment":[{"href":"https:\/\/isfdyturdinarrain-ers.infd.edu.ar\/sitio\/wp-json\/wp\/v2\/media?parent=783"}],"curies":[{"name":"wp","href":"https:\/\/api.w.org\/{rel}","templated":true}]}}