{"id":778,"date":"2018-07-03T13:40:39","date_gmt":"2018-07-03T16:40:39","guid":{"rendered":"https:\/\/isfdyturdinarrain-ers.infd.edu.ar\/sitio\/datos-institucionales\/"},"modified":"2025-02-24T20:23:44","modified_gmt":"2025-02-24T23:23:44","slug":"datos-institucionales","status":"publish","type":"page","link":"https:\/\/isfdyturdinarrain-ers.infd.edu.ar\/sitio\/datos-institucionales\/","title":{"rendered":"Datos institucionales"},"content":{"rendered":"<p><span style=\"font-size: 12pt;\"><strong><span style=\"font-family: verdana;\">Instituto T\u00e9cnico Superior de Urdinarrain \u00abProf. Alberto R. Fabre\u00bb<\/span><\/strong><\/span><\/p>\n<ul>\n<li><span style=\"font-family: verdana; font-size: 12pt;\">Horarios de atenci\u00f3n: 19.30 a 23.15<\/span><\/li>\n<li><span style=\"font-family: verdana; font-size: 12pt;\">Direcci\u00f3n: Boulevard Hip\u00f3lito Irigoyen 240<br \/>\n<\/span><\/li>\n<li><span style=\"font-family: verdana; font-size: 12pt;\">Tel\u00e9fono: 03446- 481346<br \/>\n<\/span><\/li>\n<li><span style=\"font-family: verdana; font-size: 10pt;\"><span style=\"font-size: 12pt;\">E-mail de consultas: its.fabre.gh@entrerios.edu.ar \/ academicaitsu@gmail.com<\/span><br \/>\n<\/span><\/li>\n<\/ul>\n","protected":false},"excerpt":{"rendered":"<p>Instituto T\u00e9cnico Superior de Urdinarrain \u00abProf. Alberto R. Fabre\u00bb Horarios de atenci\u00f3n: 19.30 a 23.15 Direcci\u00f3n: Boulevard Hip\u00f3lito Irigoyen 240 Tel\u00e9fono: 03446- 481346 E-mail de consultas: its.fabre.gh@entrerios.edu.ar \/ academicaitsu@gmail.com<\/p>\n","protected":false},"author":52,"featured_media":0,"parent":0,"menu_order":0,"comment_status":"closed","ping_status":"closed","template":"","meta":[],"acf":[],"_links":{"self":[{"href":"https:\/\/isfdyturdinarrain-ers.infd.edu.ar\/sitio\/wp-json\/wp\/v2\/pages\/778"}],"collection":[{"href":"https:\/\/isfdyturdinarrain-ers.infd.edu.ar\/sitio\/wp-json\/wp\/v2\/pages"}],"about":[{"href":"https:\/\/isfdyturdinarrain-ers.infd.edu.ar\/sitio\/wp-json\/wp\/v2\/types\/page"}],"author":[{"embeddable":true,"href":"https:\/\/isfdyturdinarrain-ers.infd.edu.ar\/sitio\/wp-json\/wp\/v2\/users\/52"}],"replies":[{"embeddable":true,"href":"https:\/\/isfdyturdinarrain-ers.infd.edu.ar\/sitio\/wp-json\/wp\/v2\/comments?post=778"}],"version-history":[{"count":3,"href":"https:\/\/isfdyturdinarrain-ers.infd.edu.ar\/sitio\/wp-json\/wp\/v2\/pages\/778\/revisions"}],"predecessor-version":[{"id":2826,"href":"https:\/\/isfdyturdinarrain-ers.infd.edu.ar\/sitio\/wp-json\/wp\/v2\/pages\/778\/revisions\/2826"}],"wp:attachment":[{"href":"https:\/\/isfdyturdinarrain-ers.infd.edu.ar\/sitio\/wp-json\/wp\/v2\/media?parent=778"}],"curies":[{"name":"wp","href":"https:\/\/api.w.org\/{rel}","templated":true}]}}