{"id":773,"date":"2018-07-03T13:40:37","date_gmt":"2018-07-03T16:40:37","guid":{"rendered":"https:\/\/isfdyturdinarrain-ers.infd.edu.ar\/sitio\/concursos\/"},"modified":"2026-04-04T10:10:52","modified_gmt":"2026-04-04T13:10:52","slug":"concursos","status":"publish","type":"page","link":"https:\/\/isfdyturdinarrain-ers.infd.edu.ar\/sitio\/concursos\/","title":{"rendered":"Concursos"},"content":{"rendered":"\n<p class=\"has-base-background-color has-background has-medium-font-size\"><strong>\u00a001\/04\/2026<\/strong><\/p>\n\n\n\n<p class=\"has-medium-font-size\"><strong>Carrera:\u00a0Profesorado de ingl\u00e9s.<\/strong><\/p>\n\n\n\n<p><strong>Unidad Curricular:<\/strong>\u00a0Sujetos\u00a0de la Educaci\u00f3n<\/p>\n\n\n\n<p><strong>Fecha y horario de inscripci\u00f3n y presentaci\u00f3n de carpetas de antecedentes:\u00a0<\/strong><\/p>\n\n\n\n<p>06\/04\/2026 al 08\/04\/2026 \u2013 de 19:00 a 23\u00a0 :00 h.<\/p>\n\n\n\n<p><a href=\"https:\/\/cge.entrerios.gov.ar\/2026\/04\/llamado-a-concurso-instituto-tecnico-superior-de-urdinarrain-prof-a-r-fabre-gualeguaychu-47\/\">https:\/\/cge.entrerios.gov.ar\/2026\/04\/llamado-a-concurso-instituto-tecnico-superior-de-urdinarrain-prof-a-r-fabre-gualeguaychu-47\/<\/a><\/p>\n\n\n\n<p><\/p>\n","protected":false},"excerpt":{"rendered":"<p>\u00a001\/04\/2026 Carrera:\u00a0Profesorado de ingl\u00e9s. Unidad Curricular:\u00a0Sujetos\u00a0de la Educaci\u00f3n Fecha y horario de inscripci\u00f3n y presentaci\u00f3n de carpetas de antecedentes:\u00a0 06\/04\/2026 al 08\/04\/2026 \u2013 de 19:00 a 23\u00a0 :00 h. https:\/\/cge.entrerios.gov.ar\/2026\/04\/llamado-a-concurso-instituto-tecnico-superior-de-urdinarrain-prof-a-r-fabre-gualeguaychu-47\/<\/p>\n","protected":false},"author":52,"featured_media":0,"parent":0,"menu_order":0,"comment_status":"closed","ping_status":"closed","template":"","meta":[],"acf":[],"_links":{"self":[{"href":"https:\/\/isfdyturdinarrain-ers.infd.edu.ar\/sitio\/wp-json\/wp\/v2\/pages\/773"}],"collection":[{"href":"https:\/\/isfdyturdinarrain-ers.infd.edu.ar\/sitio\/wp-json\/wp\/v2\/pages"}],"about":[{"href":"https:\/\/isfdyturdinarrain-ers.infd.edu.ar\/sitio\/wp-json\/wp\/v2\/types\/page"}],"author":[{"embeddable":true,"href":"https:\/\/isfdyturdinarrain-ers.infd.edu.ar\/sitio\/wp-json\/wp\/v2\/users\/52"}],"replies":[{"embeddable":true,"href":"https:\/\/isfdyturdinarrain-ers.infd.edu.ar\/sitio\/wp-json\/wp\/v2\/comments?post=773"}],"version-history":[{"count":143,"href":"https:\/\/isfdyturdinarrain-ers.infd.edu.ar\/sitio\/wp-json\/wp\/v2\/pages\/773\/revisions"}],"predecessor-version":[{"id":3245,"href":"https:\/\/isfdyturdinarrain-ers.infd.edu.ar\/sitio\/wp-json\/wp\/v2\/pages\/773\/revisions\/3245"}],"wp:attachment":[{"href":"https:\/\/isfdyturdinarrain-ers.infd.edu.ar\/sitio\/wp-json\/wp\/v2\/media?parent=773"}],"curies":[{"name":"wp","href":"https:\/\/api.w.org\/{rel}","templated":true}]}}