{"id":753,"date":"2018-07-03T13:40:28","date_gmt":"2018-07-03T16:40:28","guid":{"rendered":"https:\/\/isfdyturdinarrain-ers.infd.edu.ar\/sitio\/carreras\/"},"modified":"2025-06-09T20:31:20","modified_gmt":"2025-06-09T23:31:20","slug":"carreras","status":"publish","type":"page","link":"https:\/\/isfdyturdinarrain-ers.infd.edu.ar\/sitio\/carreras\/","title":{"rendered":"Carreras"},"content":{"rendered":"<p><span style=\"font-family: arial,helvetica,sans-serif; font-size: 12pt;\">En el Instituto T\u00e9cnico Superior de Urdinarrain \u00abProf. Alberto Fabre\u00bb se est\u00e1n cursando las siguientes carreras:<\/span><\/p>\n<ul>\n<li><strong><span style=\"font-family: arial,helvetica,sans-serif; font-size: 12pt;\">Profesorado de Educaci\u00f3n\u00a0Primaria<\/span><\/strong><\/li>\n<\/ul>\n<p style=\"padding-left: 60px;\"><span style=\"font-family: arial,helvetica,sans-serif; font-size: 12pt;\">Duraci\u00f3n: 4 a\u00f1os<br \/>\n<\/span><\/p>\n<p style=\"padding-left: 60px;\"><span style=\"font-family: arial,helvetica,sans-serif; font-size: 12pt;\">Cursado: de lunes a viernes &#8211; Horario vespertino<\/span><\/p>\n<ul>\n<li><strong><span style=\"font-family: arial,helvetica,sans-serif; font-size: 12pt;\">Profesorado\u00a0de\u00a0Educaci\u00f3n\u00a0Secundaria en Lengua y Literatura<\/span><\/strong><\/li>\n<\/ul>\n<p style=\"padding-left: 60px;\"><span style=\"font-family: arial,helvetica,sans-serif; font-size: 12pt;\">Duraci\u00f3n: 4 a\u00f1os<br \/>\n<\/span><\/p>\n<p style=\"padding-left: 60px;\"><span style=\"font-family: arial,helvetica,sans-serif; font-size: 12pt;\">Cursado: de lunes a viernes &#8211; Horario vespertino<\/span><\/p>\n<ul>\n<li><strong><span style=\"font-family: arial,helvetica,sans-serif; font-size: 12pt;\">Profesorado de Ingl\u00e9s<\/span><\/strong><\/li>\n<\/ul>\n<p style=\"padding-left: 60px;\"><span style=\"font-family: arial,helvetica,sans-serif; font-size: 12pt;\">Duraci\u00f3n: 4 a\u00f1os<br \/>\n<\/span><\/p>\n<p style=\"padding-left: 60px;\"><span style=\"font-family: arial,helvetica,sans-serif; font-size: 12pt;\">Cursado: de lunes a viernes &#8211; Horario vespertino\u00a0<\/span><\/p>\n<ul>\n<li><strong><span style=\"font-family: arial,helvetica,sans-serif; font-size: 12pt;\">Tecnicatura Superior en\u00a0Administraci\u00f3n de Empresas<\/span><\/strong><\/li>\n<\/ul>\n<p style=\"padding-left: 60px;\"><span style=\"font-family: arial,helvetica,sans-serif; font-size: 12pt;\">Duraci\u00f3n: 3 a\u00f1os<\/span><\/p>\n<p style=\"padding-left: 60px;\"><span style=\"font-family: arial,helvetica,sans-serif; font-size: 12pt;\">Cursado:\u00a0de lunes a viernes &#8211;\u00a0Horario vespertino<\/span><\/p>\n<ul>\n<li><strong>Tecnicatura Superior en Nutrici\u00f3n Animal<\/strong><\/li>\n<\/ul>\n<p style=\"padding-left: 60px;\"><span style=\"font-family: arial,helvetica,sans-serif; font-size: 12pt;\">Duraci\u00f3n: 2 a\u00f1os<\/span><\/p>\n<p style=\"padding-left: 60px;\"><span style=\"font-family: arial,helvetica,sans-serif; font-size: 12pt;\">Cursado bimodal: presencial y semipresencial \u2013 Extensi\u00f3n \u00e1ulica con sede en la Escuela Agrot\u00e9cnica de Basavilbaso.\u00a0<\/span><\/p>\n<p style=\"padding-left: 60px;\">\n","protected":false},"excerpt":{"rendered":"<p>En el Instituto T\u00e9cnico Superior de Urdinarrain \u00abProf. Alberto Fabre\u00bb se est\u00e1n cursando las siguientes carreras: Profesorado de Educaci\u00f3n\u00a0Primaria Duraci\u00f3n: 4 a\u00f1os Cursado: de lunes a viernes &#8211; Horario vespertino Profesorado\u00a0de\u00a0Educaci\u00f3n\u00a0Secundaria en Lengua y Literatura Duraci\u00f3n: 4 a\u00f1os Cursado: de lunes a viernes &#8211; Horario vespertino Profesorado de Ingl\u00e9s Duraci\u00f3n: 4 a\u00f1os Cursado: de lunes &#8230; <a title=\"Carreras\" class=\"read-more\" href=\"https:\/\/isfdyturdinarrain-ers.infd.edu.ar\/sitio\/carreras\/\" aria-label=\"More on Carreras\">[+]<\/a><\/p>\n","protected":false},"author":52,"featured_media":0,"parent":0,"menu_order":0,"comment_status":"closed","ping_status":"closed","template":"","meta":[],"acf":[],"_links":{"self":[{"href":"https:\/\/isfdyturdinarrain-ers.infd.edu.ar\/sitio\/wp-json\/wp\/v2\/pages\/753"}],"collection":[{"href":"https:\/\/isfdyturdinarrain-ers.infd.edu.ar\/sitio\/wp-json\/wp\/v2\/pages"}],"about":[{"href":"https:\/\/isfdyturdinarrain-ers.infd.edu.ar\/sitio\/wp-json\/wp\/v2\/types\/page"}],"author":[{"embeddable":true,"href":"https:\/\/isfdyturdinarrain-ers.infd.edu.ar\/sitio\/wp-json\/wp\/v2\/users\/52"}],"replies":[{"embeddable":true,"href":"https:\/\/isfdyturdinarrain-ers.infd.edu.ar\/sitio\/wp-json\/wp\/v2\/comments?post=753"}],"version-history":[{"count":10,"href":"https:\/\/isfdyturdinarrain-ers.infd.edu.ar\/sitio\/wp-json\/wp\/v2\/pages\/753\/revisions"}],"predecessor-version":[{"id":2936,"href":"https:\/\/isfdyturdinarrain-ers.infd.edu.ar\/sitio\/wp-json\/wp\/v2\/pages\/753\/revisions\/2936"}],"wp:attachment":[{"href":"https:\/\/isfdyturdinarrain-ers.infd.edu.ar\/sitio\/wp-json\/wp\/v2\/media?parent=753"}],"curies":[{"name":"wp","href":"https:\/\/api.w.org\/{rel}","templated":true}]}}