{"id":286,"date":"2025-10-03T20:24:54","date_gmt":"2025-10-03T23:24:54","guid":{"rendered":"https:\/\/isfdyturdinarrain-ers.infd.edu.ar\/sitio\/?page_id=286"},"modified":"2026-05-06T22:56:48","modified_gmt":"2026-05-07T01:56:48","slug":"inicio","status":"publish","type":"page","link":"https:\/\/isfdyturdinarrain-ers.infd.edu.ar\/sitio\/","title":{"rendered":""},"content":{"rendered":"<div class=\"wp-block-image\">\n<figure class=\"aligncenter is-resized\"><img decoding=\"async\" loading=\"lazy\" src=\"https:\/\/isfdyturdinarrain-ers.infd.edu.ar\/sitio\/wp-content\/uploads\/2021\/03\/inicio-1-1000x290.jpg\" alt=\"\" class=\"wp-image-1283\" width=\"879\" height=\"254\" srcset=\"https:\/\/isfdyturdinarrain-ers.infd.edu.ar\/sitio\/wp-content\/uploads\/2021\/03\/inicio-1-1000x290.jpg 1000w, https:\/\/isfdyturdinarrain-ers.infd.edu.ar\/sitio\/wp-content\/uploads\/2021\/03\/inicio-1-768x223.jpg 768w, https:\/\/isfdyturdinarrain-ers.infd.edu.ar\/sitio\/wp-content\/uploads\/2021\/03\/inicio-1.jpg 1037w\" sizes=\"(max-width: 879px) 100vw, 879px\" \/><\/figure><\/div>\n\n\n<p class=\"has-text-align-center has-medium-font-size\"><strong>CAPACITACI\u00d3N DOCENTE: \u00abRethinking English Teaching\u00bb<\/strong><\/p>\n\n\n\n<figure class=\"wp-block-table is-style-stripes\"><table><tbody><tr><td>En el marco del Proyecto de Formaci\u00f3n del Instituto T\u00e9cnico Superior de Urdinarrain \u201cProf. A. R. Fabre\u201d<br><strong>Capacitaci\u00f3n Docente: \u00abRethinking English Teaching\u00bb<\/strong><br>Posee reconocimiento de puntaje del CGE.<br><br>Cuatro encuentros, de los cuales tres ser\u00e1n virtuales sincr\u00f3nicos y un encuentro presencial.<br>Los encuentros ser\u00e1n los siguientes d\u00edas:<br>* <strong>Primer Encuentro Virtual Sincr\u00f3nico<\/strong>: Mi\u00e9rcoles 27\/05 &#8211; 9.00 h<br>* <strong>Segundo Encuentro Virtual Sincr\u00f3nico<\/strong>: Viernes 12\/06 &#8211; 15.00 h<br>* <strong>Tercer Encuentro Virtual Sincr\u00f3nico<\/strong>: Jueves 25\/06 &#8211; 10.00 h<br>* <strong>Cuarto Encuentro Presencial:<\/strong> Fecha a Confirmar.<br>A cargo de la Dra. Alba Mar\u00eda Gamarra. <br><br>Para inscripciones, completar el formulario:<br><a href=\"https:\/\/docs.google.com\/forms\/d\/e\/1FAIpQLSdxZVscR6Zh3UufQriSCQiNsgyNHYVvTGpLouK0-xEyj8ZIBw\/viewform\">https:\/\/docs.google.com\/forms\/d\/e\/1FAIpQLSdxZVscR6Zh3UufQriSCQiNsgyNHYVvTGpLouK0-xEyj8ZIBw\/viewform<\/a><\/td><td><img decoding=\"async\" src=\"https:\/\/isfdyturdinarrain-ers.infd.edu.ar\/sitio\/wp-content\/uploads\/2026\/05\/WhatsApp-Image-2026-05-04-at-8.33.55-PM-2.jpeg\" alt=\"\" style=\"width: 800px;\"><\/td><\/tr><\/tbody><\/table><\/figure>\n\n\n\n<hr class=\"wp-block-separator has-alpha-channel-opacity\"\/>\n\n\n\n<p class=\"has-text-align-center has-medium-font-size\"><strong>MESAS EXTRAORDINARIAS &#8211; TURNO MAYO &#8211; RESOLUCI\u00d3N N\u00b0 3686\/25 CGE.<\/strong><\/p>\n\n\n\n<p class=\"has-text-align-center\">Este llamado se realizar\u00e1 con suspensi\u00f3n de actividades, \u00fanicamente para docentes y estudiantes afectados a dichas mesas.<\/p>\n\n\n\n<p class=\"has-text-align-center\">El horario de inicio ser\u00e1 a las 18:30 h.<\/p>\n\n\n\n<p class=\"has-text-align-center\"><strong><a href=\"https:\/\/isfdyturdinarrain-ers.infd.edu.ar\/sitio\/mesas-especiales-turno-mayo\/\" data-type=\"URL\" data-id=\"https:\/\/isfdyturdinarrain-ers.infd.edu.ar\/sitio\/mesas-especiales-turno-mayo\/\">Cronograma<\/a><\/strong><\/p>\n\n\n\n<hr class=\"wp-block-separator has-alpha-channel-opacity\"\/>\n\n\n\n<p class=\"has-text-align-center has-medium-font-size\"><strong>NOTIFICACI\u00d3N DE CONCURSOS.<\/strong><\/p>\n\n\n\n<p>La Rector\u00eda del ITSU \u00abProf. A. R. Fabre\u00bb comunica que se encuentran en exhibici\u00f3n los listados provisorios de los concursos de las siguientes Unidades Curriculares por cinco d\u00edas h\u00e1biles:<\/p>\n\n\n\n<p><strong>Tecnicatura Superior en Administraci\u00f3n de Empresas:&nbsp;<\/strong><\/p>\n\n\n\n<ul>\n<li>Comercio Exterior<\/li>\n<\/ul>\n\n\n\n<ul>\n<li>Pr\u00e1ctica Profesionalizante I<\/li>\n<\/ul>\n\n\n\n<ul>\n<li>Administraci\u00f3n I<\/li>\n<\/ul>\n\n\n\n<ul>\n<li>Metodolog\u00eda de la Investigaci\u00f3n<\/li>\n<\/ul>\n\n\n\n<ul>\n<li>Administraci\u00f3n II<\/li>\n<\/ul>\n\n\n\n<ul>\n<li>Microeconom\u00eda<\/li>\n<\/ul>\n\n\n\n<p><strong>Profesorado de Educaci\u00f3n Secundaria en Lengua y Literatura<\/strong><\/p>\n\n\n\n<ul>\n<li>Pr\u00e1ctica Docente IV &#8211; Perfil disciplinar.&nbsp;<\/li>\n<\/ul>\n\n\n\n<p>Notificaciones en secretar\u00eda, desde las 18:30 a 22:30 h.<\/p>\n\n\n\n<hr class=\"wp-block-separator has-alpha-channel-opacity\"\/>\n\n\n\n<p class=\"has-text-align-center has-medium-font-size\"><strong>INICIO DE CLASES PARA TODOS LOS ESTUDIANTES &#8211; CICLO LECTIVO 2026<\/strong><\/p>\n\n\n\n<p>Informamos que el d\u00eda mi\u00e9rcoles 25 de marzo inicia el cursado para todos los estudianes de las carreras que ofrece la Instituci\u00f3n. <\/p>\n\n\n\n<p>Solicitamos que asistan a la instituci\u00f3n a las 18:30h, al SUM. (Todos los estudiantes, independientemente de que tengan clases o no). Vamos a dialogar sobre la modalidad de cursado y distribuci\u00f3n de los espacios en este a\u00f1o escolar que comenzamos.&nbsp;<\/p>\n\n\n\n<p>Los esperamos!&nbsp;<\/p>\n\n\n\n<p>Consulta aqu\u00ed los [ <a href=\"https:\/\/isfdyturdinarrain-ers.infd.edu.ar\/sitio\/horarios-2026\/\" target=\"_blank\" rel=\"noreferrer noopener\">Horarios 2<\/a><a rel=\"noreferrer noopener\" href=\"https:\/\/isfdyturdinarrain-ers.infd.edu.ar\/sitio\/horarios-2021\/\" target=\"_blank\">026<\/a> ].<\/p>\n\n\n<div class=\"wp-block-image\">\n<figure class=\"aligncenter size-full is-resized\"><img decoding=\"async\" loading=\"lazy\" src=\"https:\/\/isfdyturdinarrain-ers.infd.edu.ar\/sitio\/wp-content\/uploads\/2026\/03\/632602380_1335860001904398_2423563407873984186_n-copia.jpg\" alt=\"\" class=\"wp-image-3206\" width=\"389\" height=\"441\"\/><\/figure><\/div>\n\n\n<hr class=\"wp-block-separator has-alpha-channel-opacity\"\/>\n\n\n\n<div class=\"x11i5rnm xat24cr x1mh8g0r x1vvkbs xtlvy1s x126k92a\">\n<div dir=\"auto\">\n<div class=\"xdj266r x11i5rnm xat24cr x1mh8g0r x1vvkbs x126k92a\">\n<div dir=\"auto\">&#8211;<\/div>\n<div dir=\"auto\">&nbsp;<\/div>\n<\/div>\n<div class=\"x11i5rnm xat24cr x1mh8g0r x1vvkbs xtlvy1s x126k92a\">\n<div dir=\"auto\">&nbsp;<\/div>\n<div dir=\"auto\">&nbsp;<\/div>\n<\/div>\n<div class=\"x11i5rnm xat24cr x1mh8g0r x1vvkbs xtlvy1s x126k92a\">\n<div dir=\"auto\">&nbsp;<\/div>\n<\/div>\n<\/div>\n<\/div>\n\n\n\n<div class=\"x11i5rnm xat24cr x1mh8g0r x1vvkbs xtlvy1s x126k92a\">\n<div dir=\"auto\" style=\"text-align: center;\">&nbsp;<\/div>\n<\/div>\n\n\n\n<p class=\"has-text-align-center\"><\/p>\n\n\n\n<div class=\"kvgmc6g5 cxmmr5t8 oygrvhab hcukyx3x c1et5uql ii04i59q\">\n<h4 dir=\"auto\">&nbsp;<\/h4>\n<\/div>\n","protected":false},"excerpt":{"rendered":"<p>CAPACITACI\u00d3N DOCENTE: \u00abRethinking English Teaching\u00bb En el marco del Proyecto de Formaci\u00f3n del Instituto T\u00e9cnico Superior de Urdinarrain \u201cProf. A. R. Fabre\u201dCapacitaci\u00f3n Docente: \u00abRethinking English Teaching\u00bbPosee reconocimiento de puntaje del CGE. Cuatro encuentros, de los cuales tres ser\u00e1n virtuales sincr\u00f3nicos y un encuentro presencial.Los encuentros ser\u00e1n los siguientes d\u00edas:* Primer Encuentro Virtual Sincr\u00f3nico: Mi\u00e9rcoles 27\/05 &#8230; <a title=\"\" class=\"read-more\" href=\"https:\/\/isfdyturdinarrain-ers.infd.edu.ar\/sitio\/\" aria-label=\"More on \">[+]<\/a><\/p>\n","protected":false},"author":1,"featured_media":0,"parent":0,"menu_order":0,"comment_status":"closed","ping_status":"closed","template":"","meta":[],"acf":[],"_links":{"self":[{"href":"https:\/\/isfdyturdinarrain-ers.infd.edu.ar\/sitio\/wp-json\/wp\/v2\/pages\/286"}],"collection":[{"href":"https:\/\/isfdyturdinarrain-ers.infd.edu.ar\/sitio\/wp-json\/wp\/v2\/pages"}],"about":[{"href":"https:\/\/isfdyturdinarrain-ers.infd.edu.ar\/sitio\/wp-json\/wp\/v2\/types\/page"}],"author":[{"embeddable":true,"href":"https:\/\/isfdyturdinarrain-ers.infd.edu.ar\/sitio\/wp-json\/wp\/v2\/users\/1"}],"replies":[{"embeddable":true,"href":"https:\/\/isfdyturdinarrain-ers.infd.edu.ar\/sitio\/wp-json\/wp\/v2\/comments?post=286"}],"version-history":[{"count":578,"href":"https:\/\/isfdyturdinarrain-ers.infd.edu.ar\/sitio\/wp-json\/wp\/v2\/pages\/286\/revisions"}],"predecessor-version":[{"id":3272,"href":"https:\/\/isfdyturdinarrain-ers.infd.edu.ar\/sitio\/wp-json\/wp\/v2\/pages\/286\/revisions\/3272"}],"wp:attachment":[{"href":"https:\/\/isfdyturdinarrain-ers.infd.edu.ar\/sitio\/wp-json\/wp\/v2\/media?parent=286"}],"curies":[{"name":"wp","href":"https:\/\/api.w.org\/{rel}","templated":true}]}}