{"id":1335,"date":"2026-03-21T09:56:31","date_gmt":"2026-03-21T12:56:31","guid":{"rendered":"https:\/\/isfdyturdinarrain-ers.infd.edu.ar\/sitio\/?page_id=1335"},"modified":"2026-03-21T09:56:32","modified_gmt":"2026-03-21T12:56:32","slug":"horarios-2026","status":"publish","type":"page","link":"https:\/\/isfdyturdinarrain-ers.infd.edu.ar\/sitio\/horarios-2026\/","title":{"rendered":"Horarios 2026"},"content":{"rendered":"<h2 style=\"text-align: center;\"><span style=\"color: #800000;\"><strong>HORARIOS 2026<\/strong><\/span><\/h2>\n<h3><strong>Profesorado de Educaci\u00f3n Primaria<\/strong><\/h3>\n<p><img decoding=\"async\" loading=\"lazy\" class=\"alignnone size-medium wp-image-3216\" src=\"https:\/\/isfdyturdinarrain-ers.infd.edu.ar\/sitio\/wp-content\/uploads\/2026\/03\/HORARIOS-2026_page-0002-1000x563.jpg\" alt=\"\" width=\"1000\" height=\"563\" srcset=\"https:\/\/isfdyturdinarrain-ers.infd.edu.ar\/sitio\/wp-content\/uploads\/2026\/03\/HORARIOS-2026_page-0002-1000x563.jpg 1000w, https:\/\/isfdyturdinarrain-ers.infd.edu.ar\/sitio\/wp-content\/uploads\/2026\/03\/HORARIOS-2026_page-0002-1900x1069.jpg 1900w, https:\/\/isfdyturdinarrain-ers.infd.edu.ar\/sitio\/wp-content\/uploads\/2026\/03\/HORARIOS-2026_page-0002-768x432.jpg 768w, https:\/\/isfdyturdinarrain-ers.infd.edu.ar\/sitio\/wp-content\/uploads\/2026\/03\/HORARIOS-2026_page-0002-1536x864.jpg 1536w, https:\/\/isfdyturdinarrain-ers.infd.edu.ar\/sitio\/wp-content\/uploads\/2026\/03\/HORARIOS-2026_page-0002.jpg 2000w\" sizes=\"(max-width: 1000px) 100vw, 1000px\" \/> <img decoding=\"async\" loading=\"lazy\" class=\"alignnone size-medium wp-image-3217\" src=\"https:\/\/isfdyturdinarrain-ers.infd.edu.ar\/sitio\/wp-content\/uploads\/2026\/03\/HORARIOS-2026_page-0003-1000x563.jpg\" alt=\"\" width=\"1000\" height=\"563\" srcset=\"https:\/\/isfdyturdinarrain-ers.infd.edu.ar\/sitio\/wp-content\/uploads\/2026\/03\/HORARIOS-2026_page-0003-1000x563.jpg 1000w, https:\/\/isfdyturdinarrain-ers.infd.edu.ar\/sitio\/wp-content\/uploads\/2026\/03\/HORARIOS-2026_page-0003-1900x1069.jpg 1900w, https:\/\/isfdyturdinarrain-ers.infd.edu.ar\/sitio\/wp-content\/uploads\/2026\/03\/HORARIOS-2026_page-0003-768x432.jpg 768w, https:\/\/isfdyturdinarrain-ers.infd.edu.ar\/sitio\/wp-content\/uploads\/2026\/03\/HORARIOS-2026_page-0003-1536x864.jpg 1536w, https:\/\/isfdyturdinarrain-ers.infd.edu.ar\/sitio\/wp-content\/uploads\/2026\/03\/HORARIOS-2026_page-0003.jpg 2000w\" sizes=\"(max-width: 1000px) 100vw, 1000px\" \/> <img decoding=\"async\" loading=\"lazy\" class=\"alignnone size-medium wp-image-3218\" src=\"https:\/\/isfdyturdinarrain-ers.infd.edu.ar\/sitio\/wp-content\/uploads\/2026\/03\/HORARIOS-2026_page-0004-1000x563.jpg\" alt=\"\" width=\"1000\" height=\"563\" srcset=\"https:\/\/isfdyturdinarrain-ers.infd.edu.ar\/sitio\/wp-content\/uploads\/2026\/03\/HORARIOS-2026_page-0004-1000x563.jpg 1000w, https:\/\/isfdyturdinarrain-ers.infd.edu.ar\/sitio\/wp-content\/uploads\/2026\/03\/HORARIOS-2026_page-0004-1900x1069.jpg 1900w, https:\/\/isfdyturdinarrain-ers.infd.edu.ar\/sitio\/wp-content\/uploads\/2026\/03\/HORARIOS-2026_page-0004-768x432.jpg 768w, https:\/\/isfdyturdinarrain-ers.infd.edu.ar\/sitio\/wp-content\/uploads\/2026\/03\/HORARIOS-2026_page-0004-1536x864.jpg 1536w, https:\/\/isfdyturdinarrain-ers.infd.edu.ar\/sitio\/wp-content\/uploads\/2026\/03\/HORARIOS-2026_page-0004.jpg 2000w\" sizes=\"(max-width: 1000px) 100vw, 1000px\" \/> <img decoding=\"async\" loading=\"lazy\" class=\"alignnone size-medium wp-image-3219\" src=\"https:\/\/isfdyturdinarrain-ers.infd.edu.ar\/sitio\/wp-content\/uploads\/2026\/03\/HORARIOS-2026_page-0005-1000x563.jpg\" alt=\"\" width=\"1000\" height=\"563\" srcset=\"https:\/\/isfdyturdinarrain-ers.infd.edu.ar\/sitio\/wp-content\/uploads\/2026\/03\/HORARIOS-2026_page-0005-1000x563.jpg 1000w, https:\/\/isfdyturdinarrain-ers.infd.edu.ar\/sitio\/wp-content\/uploads\/2026\/03\/HORARIOS-2026_page-0005-1900x1069.jpg 1900w, https:\/\/isfdyturdinarrain-ers.infd.edu.ar\/sitio\/wp-content\/uploads\/2026\/03\/HORARIOS-2026_page-0005-768x432.jpg 768w, https:\/\/isfdyturdinarrain-ers.infd.edu.ar\/sitio\/wp-content\/uploads\/2026\/03\/HORARIOS-2026_page-0005-1536x864.jpg 1536w, https:\/\/isfdyturdinarrain-ers.infd.edu.ar\/sitio\/wp-content\/uploads\/2026\/03\/HORARIOS-2026_page-0005.jpg 2000w\" sizes=\"(max-width: 1000px) 100vw, 1000px\" \/><\/p>\n<h3>Profesorado de Ingl\u00e9s<\/h3>\n<p><img decoding=\"async\" loading=\"lazy\" class=\"alignnone size-medium wp-image-3220\" src=\"https:\/\/isfdyturdinarrain-ers.infd.edu.ar\/sitio\/wp-content\/uploads\/2026\/03\/HORARIOS-2026_page-0006-1000x563.jpg\" alt=\"\" width=\"1000\" height=\"563\" srcset=\"https:\/\/isfdyturdinarrain-ers.infd.edu.ar\/sitio\/wp-content\/uploads\/2026\/03\/HORARIOS-2026_page-0006-1000x563.jpg 1000w, https:\/\/isfdyturdinarrain-ers.infd.edu.ar\/sitio\/wp-content\/uploads\/2026\/03\/HORARIOS-2026_page-0006-1900x1069.jpg 1900w, https:\/\/isfdyturdinarrain-ers.infd.edu.ar\/sitio\/wp-content\/uploads\/2026\/03\/HORARIOS-2026_page-0006-768x432.jpg 768w, https:\/\/isfdyturdinarrain-ers.infd.edu.ar\/sitio\/wp-content\/uploads\/2026\/03\/HORARIOS-2026_page-0006-1536x864.jpg 1536w, https:\/\/isfdyturdinarrain-ers.infd.edu.ar\/sitio\/wp-content\/uploads\/2026\/03\/HORARIOS-2026_page-0006.jpg 2000w\" sizes=\"(max-width: 1000px) 100vw, 1000px\" \/> <img decoding=\"async\" loading=\"lazy\" class=\"alignnone size-medium wp-image-3221\" src=\"https:\/\/isfdyturdinarrain-ers.infd.edu.ar\/sitio\/wp-content\/uploads\/2026\/03\/HORARIOS-2026_page-0007-1000x563.jpg\" alt=\"\" width=\"1000\" height=\"563\" srcset=\"https:\/\/isfdyturdinarrain-ers.infd.edu.ar\/sitio\/wp-content\/uploads\/2026\/03\/HORARIOS-2026_page-0007-1000x563.jpg 1000w, https:\/\/isfdyturdinarrain-ers.infd.edu.ar\/sitio\/wp-content\/uploads\/2026\/03\/HORARIOS-2026_page-0007-1900x1069.jpg 1900w, https:\/\/isfdyturdinarrain-ers.infd.edu.ar\/sitio\/wp-content\/uploads\/2026\/03\/HORARIOS-2026_page-0007-768x432.jpg 768w, https:\/\/isfdyturdinarrain-ers.infd.edu.ar\/sitio\/wp-content\/uploads\/2026\/03\/HORARIOS-2026_page-0007-1536x864.jpg 1536w, https:\/\/isfdyturdinarrain-ers.infd.edu.ar\/sitio\/wp-content\/uploads\/2026\/03\/HORARIOS-2026_page-0007.jpg 2000w\" sizes=\"(max-width: 1000px) 100vw, 1000px\" \/><\/p>\n<h3>Profesorado de Educaci\u00f3n Secundaria en Lengua y Literatura<\/h3>\n<p><img decoding=\"async\" loading=\"lazy\" class=\"alignnone size-medium wp-image-3222\" src=\"https:\/\/isfdyturdinarrain-ers.infd.edu.ar\/sitio\/wp-content\/uploads\/2026\/03\/HORARIOS-2026_page-0008-1000x563.jpg\" alt=\"\" width=\"1000\" height=\"563\" srcset=\"https:\/\/isfdyturdinarrain-ers.infd.edu.ar\/sitio\/wp-content\/uploads\/2026\/03\/HORARIOS-2026_page-0008-1000x563.jpg 1000w, https:\/\/isfdyturdinarrain-ers.infd.edu.ar\/sitio\/wp-content\/uploads\/2026\/03\/HORARIOS-2026_page-0008-1900x1069.jpg 1900w, https:\/\/isfdyturdinarrain-ers.infd.edu.ar\/sitio\/wp-content\/uploads\/2026\/03\/HORARIOS-2026_page-0008-768x432.jpg 768w, https:\/\/isfdyturdinarrain-ers.infd.edu.ar\/sitio\/wp-content\/uploads\/2026\/03\/HORARIOS-2026_page-0008-1536x864.jpg 1536w, https:\/\/isfdyturdinarrain-ers.infd.edu.ar\/sitio\/wp-content\/uploads\/2026\/03\/HORARIOS-2026_page-0008.jpg 2000w\" sizes=\"(max-width: 1000px) 100vw, 1000px\" \/> <img decoding=\"async\" loading=\"lazy\" class=\"alignnone size-medium wp-image-3223\" src=\"https:\/\/isfdyturdinarrain-ers.infd.edu.ar\/sitio\/wp-content\/uploads\/2026\/03\/HORARIOS-2026_page-0009-1000x563.jpg\" alt=\"\" width=\"1000\" height=\"563\" srcset=\"https:\/\/isfdyturdinarrain-ers.infd.edu.ar\/sitio\/wp-content\/uploads\/2026\/03\/HORARIOS-2026_page-0009-1000x563.jpg 1000w, https:\/\/isfdyturdinarrain-ers.infd.edu.ar\/sitio\/wp-content\/uploads\/2026\/03\/HORARIOS-2026_page-0009-1900x1069.jpg 1900w, https:\/\/isfdyturdinarrain-ers.infd.edu.ar\/sitio\/wp-content\/uploads\/2026\/03\/HORARIOS-2026_page-0009-768x432.jpg 768w, https:\/\/isfdyturdinarrain-ers.infd.edu.ar\/sitio\/wp-content\/uploads\/2026\/03\/HORARIOS-2026_page-0009-1536x864.jpg 1536w, https:\/\/isfdyturdinarrain-ers.infd.edu.ar\/sitio\/wp-content\/uploads\/2026\/03\/HORARIOS-2026_page-0009.jpg 2000w\" sizes=\"(max-width: 1000px) 100vw, 1000px\" \/> <img decoding=\"async\" loading=\"lazy\" class=\"alignnone size-medium wp-image-3224\" src=\"https:\/\/isfdyturdinarrain-ers.infd.edu.ar\/sitio\/wp-content\/uploads\/2026\/03\/HORARIOS-2026_page-0010-1000x563.jpg\" alt=\"\" width=\"1000\" height=\"563\" srcset=\"https:\/\/isfdyturdinarrain-ers.infd.edu.ar\/sitio\/wp-content\/uploads\/2026\/03\/HORARIOS-2026_page-0010-1000x563.jpg 1000w, https:\/\/isfdyturdinarrain-ers.infd.edu.ar\/sitio\/wp-content\/uploads\/2026\/03\/HORARIOS-2026_page-0010-1900x1069.jpg 1900w, https:\/\/isfdyturdinarrain-ers.infd.edu.ar\/sitio\/wp-content\/uploads\/2026\/03\/HORARIOS-2026_page-0010-768x432.jpg 768w, https:\/\/isfdyturdinarrain-ers.infd.edu.ar\/sitio\/wp-content\/uploads\/2026\/03\/HORARIOS-2026_page-0010-1536x864.jpg 1536w, https:\/\/isfdyturdinarrain-ers.infd.edu.ar\/sitio\/wp-content\/uploads\/2026\/03\/HORARIOS-2026_page-0010.jpg 2000w\" sizes=\"(max-width: 1000px) 100vw, 1000px\" \/> <img decoding=\"async\" loading=\"lazy\" class=\"alignnone size-medium wp-image-3225\" src=\"https:\/\/isfdyturdinarrain-ers.infd.edu.ar\/sitio\/wp-content\/uploads\/2026\/03\/HORARIOS-2026_page-0011-1000x563.jpg\" alt=\"\" width=\"1000\" height=\"563\" srcset=\"https:\/\/isfdyturdinarrain-ers.infd.edu.ar\/sitio\/wp-content\/uploads\/2026\/03\/HORARIOS-2026_page-0011-1000x563.jpg 1000w, https:\/\/isfdyturdinarrain-ers.infd.edu.ar\/sitio\/wp-content\/uploads\/2026\/03\/HORARIOS-2026_page-0011-1900x1069.jpg 1900w, https:\/\/isfdyturdinarrain-ers.infd.edu.ar\/sitio\/wp-content\/uploads\/2026\/03\/HORARIOS-2026_page-0011-768x432.jpg 768w, https:\/\/isfdyturdinarrain-ers.infd.edu.ar\/sitio\/wp-content\/uploads\/2026\/03\/HORARIOS-2026_page-0011-1536x864.jpg 1536w, https:\/\/isfdyturdinarrain-ers.infd.edu.ar\/sitio\/wp-content\/uploads\/2026\/03\/HORARIOS-2026_page-0011.jpg 2000w\" sizes=\"(max-width: 1000px) 100vw, 1000px\" \/><\/p>\n<h3>Tecnicatura Superior en Administraci\u00f3n de Empresas<\/h3>\n<p><img decoding=\"async\" loading=\"lazy\" class=\"alignnone size-medium wp-image-3226\" src=\"https:\/\/isfdyturdinarrain-ers.infd.edu.ar\/sitio\/wp-content\/uploads\/2026\/03\/HORARIOS-2026_page-0012-1000x563.jpg\" alt=\"\" width=\"1000\" height=\"563\" srcset=\"https:\/\/isfdyturdinarrain-ers.infd.edu.ar\/sitio\/wp-content\/uploads\/2026\/03\/HORARIOS-2026_page-0012-1000x563.jpg 1000w, https:\/\/isfdyturdinarrain-ers.infd.edu.ar\/sitio\/wp-content\/uploads\/2026\/03\/HORARIOS-2026_page-0012-1900x1069.jpg 1900w, https:\/\/isfdyturdinarrain-ers.infd.edu.ar\/sitio\/wp-content\/uploads\/2026\/03\/HORARIOS-2026_page-0012-768x432.jpg 768w, https:\/\/isfdyturdinarrain-ers.infd.edu.ar\/sitio\/wp-content\/uploads\/2026\/03\/HORARIOS-2026_page-0012-1536x864.jpg 1536w, https:\/\/isfdyturdinarrain-ers.infd.edu.ar\/sitio\/wp-content\/uploads\/2026\/03\/HORARIOS-2026_page-0012.jpg 2000w\" sizes=\"(max-width: 1000px) 100vw, 1000px\" \/> <img decoding=\"async\" loading=\"lazy\" class=\"alignnone size-medium wp-image-3227\" src=\"https:\/\/isfdyturdinarrain-ers.infd.edu.ar\/sitio\/wp-content\/uploads\/2026\/03\/HORARIOS-2026_page-0013-1000x563.jpg\" alt=\"\" width=\"1000\" height=\"563\" srcset=\"https:\/\/isfdyturdinarrain-ers.infd.edu.ar\/sitio\/wp-content\/uploads\/2026\/03\/HORARIOS-2026_page-0013-1000x563.jpg 1000w, https:\/\/isfdyturdinarrain-ers.infd.edu.ar\/sitio\/wp-content\/uploads\/2026\/03\/HORARIOS-2026_page-0013-1900x1069.jpg 1900w, https:\/\/isfdyturdinarrain-ers.infd.edu.ar\/sitio\/wp-content\/uploads\/2026\/03\/HORARIOS-2026_page-0013-768x432.jpg 768w, https:\/\/isfdyturdinarrain-ers.infd.edu.ar\/sitio\/wp-content\/uploads\/2026\/03\/HORARIOS-2026_page-0013-1536x864.jpg 1536w, https:\/\/isfdyturdinarrain-ers.infd.edu.ar\/sitio\/wp-content\/uploads\/2026\/03\/HORARIOS-2026_page-0013.jpg 2000w\" sizes=\"(max-width: 1000px) 100vw, 1000px\" \/> <img decoding=\"async\" loading=\"lazy\" class=\"alignnone size-medium wp-image-3228\" src=\"https:\/\/isfdyturdinarrain-ers.infd.edu.ar\/sitio\/wp-content\/uploads\/2026\/03\/HORARIOS-2026_page-0014-1000x563.jpg\" alt=\"\" width=\"1000\" height=\"563\" srcset=\"https:\/\/isfdyturdinarrain-ers.infd.edu.ar\/sitio\/wp-content\/uploads\/2026\/03\/HORARIOS-2026_page-0014-1000x563.jpg 1000w, https:\/\/isfdyturdinarrain-ers.infd.edu.ar\/sitio\/wp-content\/uploads\/2026\/03\/HORARIOS-2026_page-0014-1900x1069.jpg 1900w, https:\/\/isfdyturdinarrain-ers.infd.edu.ar\/sitio\/wp-content\/uploads\/2026\/03\/HORARIOS-2026_page-0014-768x432.jpg 768w, https:\/\/isfdyturdinarrain-ers.infd.edu.ar\/sitio\/wp-content\/uploads\/2026\/03\/HORARIOS-2026_page-0014-1536x864.jpg 1536w, https:\/\/isfdyturdinarrain-ers.infd.edu.ar\/sitio\/wp-content\/uploads\/2026\/03\/HORARIOS-2026_page-0014.jpg 2000w\" sizes=\"(max-width: 1000px) 100vw, 1000px\" \/><\/p>\n<p>&nbsp;<\/p>\n<p>&nbsp;<\/p>\n<p>&nbsp;<\/p>\n<h3>\u00a0<\/h3>\n<p>&nbsp;<\/p>\n<p>&nbsp;<\/p>\n<p>&nbsp;<\/p>\n","protected":false},"excerpt":{"rendered":"<p>HORARIOS 2026 Profesorado de Educaci\u00f3n Primaria Profesorado de Ingl\u00e9s Profesorado de Educaci\u00f3n Secundaria en Lengua y Literatura Tecnicatura Superior en Administraci\u00f3n de Empresas &nbsp; &nbsp; &nbsp; \u00a0 &nbsp; &nbsp; &nbsp;<\/p>\n","protected":false},"author":38,"featured_media":0,"parent":0,"menu_order":0,"comment_status":"closed","ping_status":"closed","template":"","meta":[],"acf":[],"_links":{"self":[{"href":"https:\/\/isfdyturdinarrain-ers.infd.edu.ar\/sitio\/wp-json\/wp\/v2\/pages\/1335"}],"collection":[{"href":"https:\/\/isfdyturdinarrain-ers.infd.edu.ar\/sitio\/wp-json\/wp\/v2\/pages"}],"about":[{"href":"https:\/\/isfdyturdinarrain-ers.infd.edu.ar\/sitio\/wp-json\/wp\/v2\/types\/page"}],"author":[{"embeddable":true,"href":"https:\/\/isfdyturdinarrain-ers.infd.edu.ar\/sitio\/wp-json\/wp\/v2\/users\/38"}],"replies":[{"embeddable":true,"href":"https:\/\/isfdyturdinarrain-ers.infd.edu.ar\/sitio\/wp-json\/wp\/v2\/comments?post=1335"}],"version-history":[{"count":76,"href":"https:\/\/isfdyturdinarrain-ers.infd.edu.ar\/sitio\/wp-json\/wp\/v2\/pages\/1335\/revisions"}],"predecessor-version":[{"id":3236,"href":"https:\/\/isfdyturdinarrain-ers.infd.edu.ar\/sitio\/wp-json\/wp\/v2\/pages\/1335\/revisions\/3236"}],"wp:attachment":[{"href":"https:\/\/isfdyturdinarrain-ers.infd.edu.ar\/sitio\/wp-json\/wp\/v2\/media?parent=1335"}],"curies":[{"name":"wp","href":"https:\/\/api.w.org\/{rel}","templated":true}]}}